{"id":23,"date":"2025-05-16T15:43:50","date_gmt":"2025-05-16T13:43:50","guid":{"rendered":"https:\/\/sigmaprojekt-leipzig.de\/?page_id=23"},"modified":"2025-05-25T23:26:06","modified_gmt":"2025-05-25T21:26:06","slug":"agb-allgemeinen-geschaeftsbedingungen-strahl-und-metallbau-schlosser-sigma-leipzig","status":"publish","type":"page","link":"https:\/\/sigmaprojekt-leipzig.de\/?page_id=23","title":{"rendered":"AGB"},"content":{"rendered":"\n<hr class=\"wp-block-separator has-alpha-channel-opacity is-style-default\"\/>\n\n\n\n<h3 class=\"wp-block-heading\"><strong>Allgemeine Gesch\u00e4ftsbedingungen (AGB) der Sigma Projekt Leipzig GmbH<\/strong><\/h3>\n\n\n\n<h4 class=\"wp-block-heading\"><strong>1. Geltungsbereich<\/strong><\/h4>\n\n\n\n<p>1.1 Diese Allgemeinen Gesch\u00e4ftsbedingungen (AGB) gelten f\u00fcr alle Vertr\u00e4ge, Lieferungen und sonstigen Leistungen der <a href=\"https:\/\/sigmaprojekt-leipzig.de\/?page_id=43\">Sigma Projekt Leipzig GmbH<\/a>, nachfolgend \u201eAuftragnehmer\u201c genannt, gegen\u00fcber ihren Kunden, nachfolgend \u201eAuftraggeber\u201c genannt. Sie gelten f\u00fcr s\u00e4mtliche Gesch\u00e4ftsbeziehungen, auch wenn sie nicht nochmals ausdr\u00fccklich vereinbart werden.<\/p>\n\n\n\n<p>1.2 Abweichende, entgegenstehende oder erg\u00e4nzende Allgemeine Gesch\u00e4ftsbedingungen des Auftraggebers werden nur dann Vertragsbestandteil, wenn sie vom Auftragnehmer ausdr\u00fccklich schriftlich anerkannt werden.<\/p>\n\n\n\n<p>1.3 Diese AGB gelten auch f\u00fcr zuk\u00fcnftige Vertr\u00e4ge mit dem Auftraggeber, selbst wenn sie nicht nochmals ausdr\u00fccklich vereinbart werden.<\/p>\n\n\n\n<h4 class=\"wp-block-heading\"><strong>2. Vertragsabschluss<\/strong><\/h4>\n\n\n\n<p>2.1 Angebote des Auftragnehmers sind stets freibleibend und unverbindlich, es sei denn, sie sind ausdr\u00fccklich als verbindlich gekennzeichnet.<\/p>\n\n\n\n<p>2.2 Ein Vertrag kommt erst durch eine schriftliche Auftragsbest\u00e4tigung des Auftragnehmers zustande. Alternativ gilt die Ausf\u00fchrung der Leistung durch den Auftragnehmer als Annahme des Angebots.<\/p>\n\n\n\n<p>2.3 M\u00fcndliche Vereinbarungen, Nebenabreden, \u00c4nderungen sowie Erg\u00e4nzungen sind nur wirksam, wenn sie schriftlich best\u00e4tigt werden.<\/p>\n\n\n\n<p>2.4 Der Auftraggeber ist verpflichtet, dem Auftragnehmer alle f\u00fcr die Durchf\u00fchrung des Auftrags erforderlichen Informationen rechtzeitig und vollst\u00e4ndig zur Verf\u00fcgung zu stellen.<\/p>\n\n\n\n<hr class=\"wp-block-separator has-alpha-channel-opacity\"\/>\n\n\n\n<h4 class=\"wp-block-heading\"><strong>3. Leistungsumfang und Ausf\u00fchrung<\/strong><\/h4>\n\n\n\n<p>3.1 Der Leistungsumfang ergibt sich aus der schriftlichen Auftragsbest\u00e4tigung bzw. den im Angebot enthaltenen Leistungsbeschreibungen.<\/p>\n\n\n\n<p>3.2 \u00c4nderungen und Erg\u00e4nzungen des Leistungsumfangs bed\u00fcrfen der schriftlichen Zustimmung beider Parteien. Das gilt auch f\u00fcr den Fall, dass der Auftraggeber nachtr\u00e4glich \u00c4nderungen w\u00fcnscht.<\/p>\n\n\n\n<p>3.3 Der Auftragnehmer ist berechtigt, Leistungen durch Subunternehmer oder Dritte ausf\u00fchren zu lassen, ohne den Auftraggeber hier\u00fcber gesondert zu informieren.<\/p>\n\n\n\n<p>3.4 Der Auftragnehmer f\u00fchrt die Arbeiten fachgerecht und nach den anerkannten Regeln der Technik durch.<\/p>\n\n\n\n<p>3.5 Der Auftraggeber verpflichtet sich, dem Auftragnehmer alle f\u00fcr die Ausf\u00fchrung der Arbeiten erforderlichen Genehmigungen, Unterlagen und Zug\u00e4nge rechtzeitig zur Verf\u00fcgung zu stellen.<\/p>\n\n\n\n<hr class=\"wp-block-separator has-alpha-channel-opacity\"\/>\n\n\n\n<h4 class=\"wp-block-heading\"><strong>4. Preise, Zahlungsbedingungen und Aufrechnung<\/strong><\/h4>\n\n\n\n<p>4.1 Die vereinbarten Preise verstehen sich, sofern nicht anders schriftlich vereinbart, netto zuz\u00fcglich der gesetzlichen Mehrwertsteuer.<\/p>\n\n\n\n<p>4.2 Zahlungen sind innerhalb von 14 Tagen nach Rechnungsstellung ohne Abzug zu leisten. Bei vereinbarter Ratenzahlung sind die jeweiligen Raten zum F\u00e4lligkeitsdatum zu entrichten.<\/p>\n\n\n\n<p>4.3 Bei Zahlungsverzug ist der Auftragnehmer berechtigt, Verzugszinsen in gesetzlicher H\u00f6he zu verlangen. Zudem beh\u00e4lt sich der Auftragnehmer das Recht vor, Mahnkosten und weitere Verzugssch\u00e4den geltend zu machen.<\/p>\n\n\n\n<p>4.4 Der Auftraggeber ist nur mit unstreitigen oder rechtskr\u00e4ftig festgestellten Forderungen berechtigt, aufzurechnen.<\/p>\n\n\n\n<p>4.5 Die Annahme von Schecks erfolgt nur erf\u00fcllungshalber; Wechsel werden nur nach vorheriger Absprache und nur unter Vorbehalt der Einl\u00f6sung akzeptiert.<\/p>\n\n\n\n<hr class=\"wp-block-separator has-alpha-channel-opacity\"\/>\n\n\n\n<h4 class=\"wp-block-heading\"><strong>5. Liefer- und Leistungsfristen<\/strong><\/h4>\n\n\n\n<p>5.1 Liefer- und Leistungsfristen sind unverbindlich, es sei denn, sie sind ausdr\u00fccklich schriftlich als verbindlich vereinbart.<\/p>\n\n\n\n<p>5.2 Verz\u00f6gerungen aufgrund h\u00f6herer Gewalt, unvorhersehbarer Ereignisse, Arbeitsk\u00e4mpfe oder sonstiger von der Sigma Projekt Leipzig GmbH nicht zu vertretender Umst\u00e4nde verl\u00e4ngern die Fristen entsprechend.<\/p>\n\n\n\n<p>5.3 Der Auftragnehmer wird den Auftraggeber unverz\u00fcglich \u00fcber Verz\u00f6gerungen informieren.<\/p>\n\n\n\n<p>5.4 Kommt der Auftragnehmer in Verzug, kann der Auftraggeber nur dann Schadensersatz verlangen, wenn er den Verzug zu vertreten hat. Die Haftung ist auf den vertragstypischen, vorhersehbaren Schaden beschr\u00e4nkt, soweit keine vors\u00e4tzliche oder grob fahrl\u00e4ssige Pflichtverletzung vorliegt.<\/p>\n\n\n\n<hr class=\"wp-block-separator has-alpha-channel-opacity\"\/>\n\n\n\n<h4 class=\"wp-block-heading\"><strong>6. Eigentumsvorbehalt<\/strong><\/h4>\n\n\n\n<p>6.1 Gelieferte Materialien und Gegenst\u00e4nde bleiben Eigentum des Auftragnehmers bis zur vollst\u00e4ndigen Bezahlung aller Forderungen aus dem Vertragsverh\u00e4ltnis.<\/p>\n\n\n\n<p>6.2 Der Auftraggeber ist verpflichtet, die Vorbehaltsware pfleglich zu behandeln und vor Zugriff Dritter zu sch\u00fctzen.<\/p>\n\n\n\n<p>6.3 Bei Zahlungsverzug ist der Auftragnehmer berechtigt, die Vorbehaltsware auf Kosten des Auftraggebers zur\u00fcckzuholen oder den Zugang zu den Vorbehaltswaren zu verweigern.<\/p>\n\n\n\n<hr class=\"wp-block-separator has-alpha-channel-opacity\"\/>\n\n\n\n<h4 class=\"wp-block-heading\"><strong>7. M\u00e4ngelhaftung und Gew\u00e4hrleistung<\/strong><\/h4>\n\n\n\n<p>7.1 Der Auftraggeber hat die gelieferten Leistungen unverz\u00fcglich nach Erhalt auf M\u00e4ngel zu pr\u00fcfen und etwaige M\u00e4ngel innerhalb von 7 Tagen schriftlich zu r\u00fcgen.<\/p>\n\n\n\n<p>7.2 Bei versteckten M\u00e4ngeln hat der Auftraggeber diese unverz\u00fcglich, sp\u00e4testens jedoch innerhalb von 7 Tagen nach Entdeckung, schriftlich anzuzeigen.<\/p>\n\n\n\n<p>7.3 Bei berechtigter M\u00e4ngelr\u00fcge ist der Auftragnehmer nach seiner Wahl zur Nachbesserung oder Ersatzlieferung verpflichtet.<\/p>\n\n\n\n<p>7.4 Schl\u00e4gt die Nachbesserung oder Ersatzlieferung fehl, kann der Auftraggeber vom Vertrag zur\u00fccktreten oder den Preis mindern.<\/p>\n\n\n\n<p>7.5 Weitergehende Anspr\u00fcche, insbesondere Schadensersatzanspr\u00fcche \u00fcber die M\u00e4ngelhaftung hinaus, sind ausgeschlossen, es sei denn, es liegt Vorsatz oder grobe Fahrl\u00e4ssigkeit vor.<\/p>\n\n\n\n<p>7.6 Der Auftragnehmer haftet nicht f\u00fcr M\u00e4ngel, die auf unsachgem\u00e4\u00dfe Verwendung, \u00c4nderungen oder unsachgem\u00e4\u00dfe Montage durch den Auftraggeber oder Dritte zur\u00fcckzuf\u00fchren sind.<\/p>\n\n\n\n<hr class=\"wp-block-separator has-alpha-channel-opacity\"\/>\n\n\n\n<h4 class=\"wp-block-heading\"><strong>8. Haftung<\/strong><\/h4>\n\n\n\n<p>8.1 Der Auftragnehmer haftet nur f\u00fcr Sch\u00e4den, die auf Vorsatz, grober Fahrl\u00e4ssigkeit oder Verletzung wesentlicher Vertragspflichten beruhen. Bei leicht fahrl\u00e4ssiger Verletzung wesentlicher Vertragspflichten ist die Haftung auf den vertragstypischen, vorhersehbaren Schaden beschr\u00e4nkt.<\/p>\n\n\n\n<p>8.2 Die Haftung f\u00fcr Folgesch\u00e4den, entgangenen Gewinn oder Sch\u00e4den aus Mangelfolgesch\u00e4den ist ausgeschlossen.<\/p>\n\n\n\n<p>8.3 Die Haftung nach dem Produkthaftungsgesetz bleibt unber\u00fchrt.<\/p>\n\n\n\n<hr class=\"wp-block-separator has-alpha-channel-opacity\"\/>\n\n\n\n<h4 class=\"wp-block-heading\"><strong>9. Datenschutz und Geheimhaltung<\/strong><\/h4>\n\n\n\n<p>9.1 Der Auftragnehmer verpflichtet sich, alle im Rahmen der Gesch\u00e4ftsbeziehung erhaltenen vertraulichen Informationen des Auftraggebers vertraulich zu behandeln und nur f\u00fcr die Durchf\u00fchrung des Auftrags zu verwenden.<\/p>\n\n\n\n<p>9.2 Der Auftraggeber erkl\u00e4rt, dass er die datenschutzrechtlichen Vorschriften kennt und einh\u00e4lt.<\/p>\n\n\n\n<hr class=\"wp-block-separator has-alpha-channel-opacity\"\/>\n\n\n\n<h4 class=\"wp-block-heading\"><strong>10. Schlussbestimmungen<\/strong><\/h4>\n\n\n\n<p>10.1 \u00c4nderungen und Erg\u00e4nzungen dieser AGB bed\u00fcrfen der Schriftform. Dies gilt auch f\u00fcr die Aufhebung dieses Schriftformerfordernisses.<\/p>\n\n\n\n<p>10.2 Sollten einzelne Bestimmungen dieser AGB unwirksam sein oder werden, bleibt die Wirksamkeit der \u00fcbrigen Bestimmungen unber\u00fchrt. Anstelle der unwirksamen Klausel gilt eine Regelung, die dem wirtschaftlichen Zweck der unwirksamen Klausel am n\u00e4chsten kommt.<\/p>\n\n\n\n<p>10.3 Gerichtsstand ist Leipzig, sofern gesetzlich zul\u00e4ssig. Es gilt deutsches Recht.<\/p>\n\n\n\n<p>10.4 Nebenabreden, \u00c4nderungen oder Erg\u00e4nzungen bed\u00fcrfen der Schriftform. M\u00fcndliche Vereinbarungen sind nur wirksam, wenn sie schriftlich best\u00e4tigt werden.<\/p>\n\n\n\n<hr class=\"wp-block-separator has-alpha-channel-opacity\"\/>\n\n\n\n<h3 class=\"wp-block-heading\"><strong>Hinweis<\/strong><\/h3>\n\n\n\n<p>F\u00fcr spezielle Projekte oder individuelle Vereinbarungen k\u00f6nnen erg\u00e4nzende oder abweichende Regelungen getroffen werden, die schriftlich festzuhalten sind.<\/p>\n\n\n\n<hr class=\"wp-block-separator has-alpha-channel-opacity\"\/>\n\n\n\n<p><strong>Stand:<\/strong> Oktober 2023<\/p>\n\n\n\n<p><\/p>\n","protected":false},"excerpt":{"rendered":"<p>Allgemeine Gesch\u00e4ftsbedingungen (AGB) der Sigma Projekt Leipzig GmbH 1. Geltungsbereich 1.1 Diese Allgemeinen Gesch\u00e4ftsbedingungen (AGB) gelten f\u00fcr alle Vertr\u00e4ge, Lieferungen und sonstigen Leistungen der Sigma Projekt Leipzig GmbH, nachfolgend \u201eAuftragnehmer\u201c genannt, gegen\u00fcber ihren Kunden, nachfolgend \u201eAuftraggeber\u201c genannt. Sie gelten f\u00fcr s\u00e4mtliche Gesch\u00e4ftsbeziehungen, auch wenn sie nicht nochmals ausdr\u00fccklich vereinbart werden. 1.2 Abweichende, entgegenstehende oder erg\u00e4nzende [&hellip;]<\/p>\n","protected":false},"author":1,"featured_media":24,"parent":0,"menu_order":0,"comment_status":"closed","ping_status":"closed","template":"page-wide","meta":{"footnotes":""},"class_list":["post-23","page","type-page","status-publish","has-post-thumbnail","hentry"],"yoast_head":"<!-- This site is optimized with the Yoast SEO plugin v27.4 - https:\/\/yoast.com\/product\/yoast-seo-wordpress\/ -->\n<title>AGB - Stahl- und Metallbau Schlosserei Sigma Projekt GmbH Wichtige Informationen f\u00fcr Auftraggeber<\/title>\n<meta name=\"description\" content=\"Allgemeinen Gesch\u00e4ftsbedingungen (AGB) Alles Wichtige zu Vertragsabschluss, Leistungsumfang, Preisen, Haftung und Datenschutz.\" \/>\n<meta name=\"robots\" content=\"index, follow, max-snippet:-1, max-image-preview:large, max-video-preview:-1\" \/>\n<link rel=\"canonical\" href=\"https:\/\/sigmaprojekt-leipzig.de\/?page_id=23\" \/>\n<meta property=\"og:locale\" content=\"de_DE\" \/>\n<meta property=\"og:type\" content=\"article\" \/>\n<meta property=\"og:title\" content=\"AGB - Stahl- und Metallbau Schlosserei Sigma Projekt GmbH Wichtige Informationen f\u00fcr Auftraggeber\" \/>\n<meta property=\"og:description\" content=\"Allgemeinen Gesch\u00e4ftsbedingungen (AGB) Alles Wichtige zu Vertragsabschluss, Leistungsumfang, Preisen, Haftung und Datenschutz.\" \/>\n<meta property=\"og:url\" content=\"https:\/\/sigmaprojekt-leipzig.de\/?page_id=23\" \/>\n<meta property=\"og:site_name\" content=\"Stahl- und Metallbau Schlosserei Sigma Projekt GmbH\" \/>\n<meta property=\"article:modified_time\" content=\"2025-05-25T21:26:06+00:00\" \/>\n<meta property=\"og:image\" content=\"https:\/\/sigmaprojekt-leipzig.de\/wp-content\/uploads\/2025\/05\/frontpage-p-007-scaled.jpg\" \/>\n\t<meta property=\"og:image:width\" content=\"2560\" \/>\n\t<meta property=\"og:image:height\" content=\"1013\" \/>\n\t<meta property=\"og:image:type\" content=\"image\/jpeg\" \/>\n<meta name=\"twitter:card\" content=\"summary_large_image\" \/>\n<meta name=\"twitter:label1\" content=\"Gesch\u00e4tzte Lesezeit\" \/>\n\t<meta name=\"twitter:data1\" content=\"5\u00a0Minuten\" \/>\n<script type=\"application\/ld+json\" class=\"yoast-schema-graph\">{\"@context\":\"https:\\\/\\\/schema.org\",\"@graph\":[{\"@type\":\"Article\",\"@id\":\"https:\\\/\\\/sigmaprojekt-leipzig.de\\\/?page_id=23#article\",\"isPartOf\":{\"@id\":\"https:\\\/\\\/sigmaprojekt-leipzig.de\\\/?page_id=23\"},\"author\":{\"name\":\"4dm1n\",\"@id\":\"https:\\\/\\\/sigmaprojekt-leipzig.de\\\/#\\\/schema\\\/person\\\/3b1850306cf1131c9e0a2cd6ca049966\"},\"headline\":\"AGB\",\"datePublished\":\"2025-05-16T13:43:50+00:00\",\"dateModified\":\"2025-05-25T21:26:06+00:00\",\"mainEntityOfPage\":{\"@id\":\"https:\\\/\\\/sigmaprojekt-leipzig.de\\\/?page_id=23\"},\"wordCount\":916,\"publisher\":{\"@id\":\"https:\\\/\\\/sigmaprojekt-leipzig.de\\\/#organization\"},\"image\":{\"@id\":\"https:\\\/\\\/sigmaprojekt-leipzig.de\\\/?page_id=23#primaryimage\"},\"thumbnailUrl\":\"https:\\\/\\\/sigmaprojekt-leipzig.de\\\/wp-content\\\/uploads\\\/2025\\\/05\\\/frontpage-p-007-scaled.jpg\",\"inLanguage\":\"de\"},{\"@type\":[\"WebPage\",\"FAQPage\"],\"@id\":\"https:\\\/\\\/sigmaprojekt-leipzig.de\\\/?page_id=23\",\"url\":\"https:\\\/\\\/sigmaprojekt-leipzig.de\\\/?page_id=23\",\"name\":\"AGB - Stahl- und Metallbau Schlosserei Sigma Projekt GmbH Wichtige Informationen f\u00fcr Auftraggeber\",\"isPartOf\":{\"@id\":\"https:\\\/\\\/sigmaprojekt-leipzig.de\\\/#website\"},\"primaryImageOfPage\":{\"@id\":\"https:\\\/\\\/sigmaprojekt-leipzig.de\\\/?page_id=23#primaryimage\"},\"image\":{\"@id\":\"https:\\\/\\\/sigmaprojekt-leipzig.de\\\/?page_id=23#primaryimage\"},\"thumbnailUrl\":\"https:\\\/\\\/sigmaprojekt-leipzig.de\\\/wp-content\\\/uploads\\\/2025\\\/05\\\/frontpage-p-007-scaled.jpg\",\"datePublished\":\"2025-05-16T13:43:50+00:00\",\"dateModified\":\"2025-05-25T21:26:06+00:00\",\"description\":\"Allgemeinen Gesch\u00e4ftsbedingungen (AGB) Alles Wichtige zu Vertragsabschluss, Leistungsumfang, Preisen, Haftung und Datenschutz.\",\"breadcrumb\":{\"@id\":\"https:\\\/\\\/sigmaprojekt-leipzig.de\\\/?page_id=23#breadcrumb\"},\"inLanguage\":\"de\",\"potentialAction\":[{\"@type\":\"ReadAction\",\"target\":[\"https:\\\/\\\/sigmaprojekt-leipzig.de\\\/?page_id=23\"]}]},{\"@type\":\"ImageObject\",\"inLanguage\":\"de\",\"@id\":\"https:\\\/\\\/sigmaprojekt-leipzig.de\\\/?page_id=23#primaryimage\",\"url\":\"https:\\\/\\\/sigmaprojekt-leipzig.de\\\/wp-content\\\/uploads\\\/2025\\\/05\\\/frontpage-p-007-scaled.jpg\",\"contentUrl\":\"https:\\\/\\\/sigmaprojekt-leipzig.de\\\/wp-content\\\/uploads\\\/2025\\\/05\\\/frontpage-p-007-scaled.jpg\",\"width\":2560,\"height\":1013,\"caption\":\"Metallbau Leipzig\"},{\"@type\":\"BreadcrumbList\",\"@id\":\"https:\\\/\\\/sigmaprojekt-leipzig.de\\\/?page_id=23#breadcrumb\",\"itemListElement\":[{\"@type\":\"ListItem\",\"position\":1,\"name\":\"Startseite\",\"item\":\"https:\\\/\\\/sigmaprojekt-leipzig.de\\\/\"},{\"@type\":\"ListItem\",\"position\":2,\"name\":\"AGB\"}]},{\"@type\":\"WebSite\",\"@id\":\"https:\\\/\\\/sigmaprojekt-leipzig.de\\\/#website\",\"url\":\"https:\\\/\\\/sigmaprojekt-leipzig.de\\\/\",\"name\":\"Metallbau Sigma Projekt Leipzig\",\"description\":\"Stark in Qualit\u00e4t, robust f\u00fcr die Zukunft.\",\"publisher\":{\"@id\":\"https:\\\/\\\/sigmaprojekt-leipzig.de\\\/#organization\"},\"potentialAction\":[{\"@type\":\"SearchAction\",\"target\":{\"@type\":\"EntryPoint\",\"urlTemplate\":\"https:\\\/\\\/sigmaprojekt-leipzig.de\\\/?s={search_term_string}\"},\"query-input\":{\"@type\":\"PropertyValueSpecification\",\"valueRequired\":true,\"valueName\":\"search_term_string\"}}],\"inLanguage\":\"de\"},{\"@type\":\"Organization\",\"@id\":\"https:\\\/\\\/sigmaprojekt-leipzig.de\\\/#organization\",\"name\":\"Sigma Projekt Leipzig GmbH\",\"url\":\"https:\\\/\\\/sigmaprojekt-leipzig.de\\\/\",\"logo\":{\"@type\":\"ImageObject\",\"inLanguage\":\"de\",\"@id\":\"https:\\\/\\\/sigmaprojekt-leipzig.de\\\/#\\\/schema\\\/logo\\\/image\\\/\",\"url\":\"https:\\\/\\\/sigmaprojekt-leipzig.de\\\/wp-content\\\/uploads\\\/2025\\\/05\\\/logoentw-sigma-webfront002-724.png\",\"contentUrl\":\"https:\\\/\\\/sigmaprojekt-leipzig.de\\\/wp-content\\\/uploads\\\/2025\\\/05\\\/logoentw-sigma-webfront002-724.png\",\"width\":724,\"height\":242,\"caption\":\"Sigma Projekt Leipzig GmbH\"},\"image\":{\"@id\":\"https:\\\/\\\/sigmaprojekt-leipzig.de\\\/#\\\/schema\\\/logo\\\/image\\\/\"}},{\"@type\":\"Person\",\"@id\":\"https:\\\/\\\/sigmaprojekt-leipzig.de\\\/#\\\/schema\\\/person\\\/3b1850306cf1131c9e0a2cd6ca049966\",\"name\":\"4dm1n\",\"sameAs\":[\"https:\\\/\\\/sigmaprojekt-leipzig.de\"],\"url\":\"https:\\\/\\\/sigmaprojekt-leipzig.de\\\/?author=1\"}]}<\/script>\n<!-- \/ Yoast SEO plugin. -->","yoast_head_json":{"title":"AGB - Stahl- und Metallbau Schlosserei Sigma Projekt GmbH Wichtige Informationen f\u00fcr Auftraggeber","description":"Allgemeinen Gesch\u00e4ftsbedingungen (AGB) Alles Wichtige zu Vertragsabschluss, Leistungsumfang, Preisen, Haftung und Datenschutz.","robots":{"index":"index","follow":"follow","max-snippet":"max-snippet:-1","max-image-preview":"max-image-preview:large","max-video-preview":"max-video-preview:-1"},"canonical":"https:\/\/sigmaprojekt-leipzig.de\/?page_id=23","og_locale":"de_DE","og_type":"article","og_title":"AGB - Stahl- und Metallbau Schlosserei Sigma Projekt GmbH Wichtige Informationen f\u00fcr Auftraggeber","og_description":"Allgemeinen Gesch\u00e4ftsbedingungen (AGB) Alles Wichtige zu Vertragsabschluss, Leistungsumfang, Preisen, Haftung und Datenschutz.","og_url":"https:\/\/sigmaprojekt-leipzig.de\/?page_id=23","og_site_name":"Stahl- und Metallbau Schlosserei Sigma Projekt GmbH","article_modified_time":"2025-05-25T21:26:06+00:00","og_image":[{"width":2560,"height":1013,"url":"https:\/\/sigmaprojekt-leipzig.de\/wp-content\/uploads\/2025\/05\/frontpage-p-007-scaled.jpg","type":"image\/jpeg"}],"twitter_card":"summary_large_image","twitter_misc":{"Gesch\u00e4tzte Lesezeit":"5\u00a0Minuten"},"schema":{"@context":"https:\/\/schema.org","@graph":[{"@type":"Article","@id":"https:\/\/sigmaprojekt-leipzig.de\/?page_id=23#article","isPartOf":{"@id":"https:\/\/sigmaprojekt-leipzig.de\/?page_id=23"},"author":{"name":"4dm1n","@id":"https:\/\/sigmaprojekt-leipzig.de\/#\/schema\/person\/3b1850306cf1131c9e0a2cd6ca049966"},"headline":"AGB","datePublished":"2025-05-16T13:43:50+00:00","dateModified":"2025-05-25T21:26:06+00:00","mainEntityOfPage":{"@id":"https:\/\/sigmaprojekt-leipzig.de\/?page_id=23"},"wordCount":916,"publisher":{"@id":"https:\/\/sigmaprojekt-leipzig.de\/#organization"},"image":{"@id":"https:\/\/sigmaprojekt-leipzig.de\/?page_id=23#primaryimage"},"thumbnailUrl":"https:\/\/sigmaprojekt-leipzig.de\/wp-content\/uploads\/2025\/05\/frontpage-p-007-scaled.jpg","inLanguage":"de"},{"@type":["WebPage","FAQPage"],"@id":"https:\/\/sigmaprojekt-leipzig.de\/?page_id=23","url":"https:\/\/sigmaprojekt-leipzig.de\/?page_id=23","name":"AGB - Stahl- und Metallbau Schlosserei Sigma Projekt GmbH Wichtige Informationen f\u00fcr Auftraggeber","isPartOf":{"@id":"https:\/\/sigmaprojekt-leipzig.de\/#website"},"primaryImageOfPage":{"@id":"https:\/\/sigmaprojekt-leipzig.de\/?page_id=23#primaryimage"},"image":{"@id":"https:\/\/sigmaprojekt-leipzig.de\/?page_id=23#primaryimage"},"thumbnailUrl":"https:\/\/sigmaprojekt-leipzig.de\/wp-content\/uploads\/2025\/05\/frontpage-p-007-scaled.jpg","datePublished":"2025-05-16T13:43:50+00:00","dateModified":"2025-05-25T21:26:06+00:00","description":"Allgemeinen Gesch\u00e4ftsbedingungen (AGB) Alles Wichtige zu Vertragsabschluss, Leistungsumfang, Preisen, Haftung und Datenschutz.","breadcrumb":{"@id":"https:\/\/sigmaprojekt-leipzig.de\/?page_id=23#breadcrumb"},"inLanguage":"de","potentialAction":[{"@type":"ReadAction","target":["https:\/\/sigmaprojekt-leipzig.de\/?page_id=23"]}]},{"@type":"ImageObject","inLanguage":"de","@id":"https:\/\/sigmaprojekt-leipzig.de\/?page_id=23#primaryimage","url":"https:\/\/sigmaprojekt-leipzig.de\/wp-content\/uploads\/2025\/05\/frontpage-p-007-scaled.jpg","contentUrl":"https:\/\/sigmaprojekt-leipzig.de\/wp-content\/uploads\/2025\/05\/frontpage-p-007-scaled.jpg","width":2560,"height":1013,"caption":"Metallbau Leipzig"},{"@type":"BreadcrumbList","@id":"https:\/\/sigmaprojekt-leipzig.de\/?page_id=23#breadcrumb","itemListElement":[{"@type":"ListItem","position":1,"name":"Startseite","item":"https:\/\/sigmaprojekt-leipzig.de\/"},{"@type":"ListItem","position":2,"name":"AGB"}]},{"@type":"WebSite","@id":"https:\/\/sigmaprojekt-leipzig.de\/#website","url":"https:\/\/sigmaprojekt-leipzig.de\/","name":"Metallbau Sigma Projekt Leipzig","description":"Stark in Qualit\u00e4t, robust f\u00fcr die Zukunft.","publisher":{"@id":"https:\/\/sigmaprojekt-leipzig.de\/#organization"},"potentialAction":[{"@type":"SearchAction","target":{"@type":"EntryPoint","urlTemplate":"https:\/\/sigmaprojekt-leipzig.de\/?s={search_term_string}"},"query-input":{"@type":"PropertyValueSpecification","valueRequired":true,"valueName":"search_term_string"}}],"inLanguage":"de"},{"@type":"Organization","@id":"https:\/\/sigmaprojekt-leipzig.de\/#organization","name":"Sigma Projekt Leipzig GmbH","url":"https:\/\/sigmaprojekt-leipzig.de\/","logo":{"@type":"ImageObject","inLanguage":"de","@id":"https:\/\/sigmaprojekt-leipzig.de\/#\/schema\/logo\/image\/","url":"https:\/\/sigmaprojekt-leipzig.de\/wp-content\/uploads\/2025\/05\/logoentw-sigma-webfront002-724.png","contentUrl":"https:\/\/sigmaprojekt-leipzig.de\/wp-content\/uploads\/2025\/05\/logoentw-sigma-webfront002-724.png","width":724,"height":242,"caption":"Sigma Projekt Leipzig GmbH"},"image":{"@id":"https:\/\/sigmaprojekt-leipzig.de\/#\/schema\/logo\/image\/"}},{"@type":"Person","@id":"https:\/\/sigmaprojekt-leipzig.de\/#\/schema\/person\/3b1850306cf1131c9e0a2cd6ca049966","name":"4dm1n","sameAs":["https:\/\/sigmaprojekt-leipzig.de"],"url":"https:\/\/sigmaprojekt-leipzig.de\/?author=1"}]}},"_links":{"self":[{"href":"https:\/\/sigmaprojekt-leipzig.de\/index.php?rest_route=\/wp\/v2\/pages\/23","targetHints":{"allow":["GET"]}}],"collection":[{"href":"https:\/\/sigmaprojekt-leipzig.de\/index.php?rest_route=\/wp\/v2\/pages"}],"about":[{"href":"https:\/\/sigmaprojekt-leipzig.de\/index.php?rest_route=\/wp\/v2\/types\/page"}],"author":[{"embeddable":true,"href":"https:\/\/sigmaprojekt-leipzig.de\/index.php?rest_route=\/wp\/v2\/users\/1"}],"replies":[{"embeddable":true,"href":"https:\/\/sigmaprojekt-leipzig.de\/index.php?rest_route=%2Fwp%2Fv2%2Fcomments&post=23"}],"version-history":[{"count":4,"href":"https:\/\/sigmaprojekt-leipzig.de\/index.php?rest_route=\/wp\/v2\/pages\/23\/revisions"}],"predecessor-version":[{"id":344,"href":"https:\/\/sigmaprojekt-leipzig.de\/index.php?rest_route=\/wp\/v2\/pages\/23\/revisions\/344"}],"wp:featuredmedia":[{"embeddable":true,"href":"https:\/\/sigmaprojekt-leipzig.de\/index.php?rest_route=\/wp\/v2\/media\/24"}],"wp:attachment":[{"href":"https:\/\/sigmaprojekt-leipzig.de\/index.php?rest_route=%2Fwp%2Fv2%2Fmedia&parent=23"}],"curies":[{"name":"wp","href":"https:\/\/api.w.org\/{rel}","templated":true}]}}