{"id":40,"date":"2025-05-16T16:09:35","date_gmt":"2025-05-16T14:09:35","guid":{"rendered":"https:\/\/sigmaprojekt-leipzig.de\/?page_id=40"},"modified":"2025-05-21T00:01:14","modified_gmt":"2025-05-20T22:01:14","slug":"kontakt-kontaktformular-stahl-und-metallbau-schlosser-sigma-projekt-gmbh-leipzig","status":"publish","type":"page","link":"https:\/\/sigmaprojekt-leipzig.de\/?page_id=40","title":{"rendered":"Kontakt"},"content":{"rendered":"\n<h3 class=\"wp-block-heading\">Halten Sie mit uns Kontakt auf<\/h3>\n\n\n\n<div class=\"wp-block-columns is-layout-flex wp-container-core-columns-is-layout-28f84493 wp-block-columns-is-layout-flex\">\n<div class=\"wp-block-column is-layout-flow wp-block-column-is-layout-flow\">\n<div class=\"wp-block-contact-form-7-contact-form-selector\">\n<div class=\"wpcf7 no-js\" id=\"wpcf7-f38-o1\" lang=\"de-DE\" dir=\"ltr\" data-wpcf7-id=\"38\">\n<div class=\"screen-reader-response\"><p role=\"status\" aria-live=\"polite\" aria-atomic=\"true\"><\/p> <ul><\/ul><\/div>\n<form action=\"\/index.php?rest_route=%2Fwp%2Fv2%2Fpages%2F40#wpcf7-f38-o1\" method=\"post\" class=\"wpcf7-form init\" aria-label=\"Kontaktformular\" novalidate=\"novalidate\" data-status=\"init\">\n<fieldset class=\"hidden-fields-container\"><input type=\"hidden\" name=\"_wpcf7\" value=\"38\" \/><input type=\"hidden\" name=\"_wpcf7_version\" value=\"6.1.5\" \/><input type=\"hidden\" name=\"_wpcf7_locale\" value=\"de_DE\" \/><input type=\"hidden\" name=\"_wpcf7_unit_tag\" value=\"wpcf7-f38-o1\" \/><input type=\"hidden\" name=\"_wpcf7_container_post\" value=\"0\" \/><input type=\"hidden\" name=\"_wpcf7_posted_data_hash\" value=\"\" \/>\n<\/fieldset>\n<p><label> Dein Name<br \/>\n<span class=\"wpcf7-form-control-wrap\" data-name=\"your-name\"><input size=\"40\" maxlength=\"400\" class=\"wpcf7-form-control wpcf7-text wpcf7-validates-as-required\" autocomplete=\"name\" aria-required=\"true\" aria-invalid=\"false\" value=\"\" type=\"text\" name=\"your-name\" \/><\/span> <\/label>\n<\/p>\n<p><label> Deine E-Mail-Adresse<br \/>\n<span class=\"wpcf7-form-control-wrap\" data-name=\"your-email\"><input size=\"40\" maxlength=\"400\" class=\"wpcf7-form-control wpcf7-email wpcf7-validates-as-required wpcf7-text wpcf7-validates-as-email\" autocomplete=\"email\" aria-required=\"true\" aria-invalid=\"false\" value=\"\" type=\"email\" name=\"your-email\" \/><\/span> <\/label>\n<\/p>\n<p><label> Betreff<br \/>\n<span class=\"wpcf7-form-control-wrap\" data-name=\"your-subject\"><input size=\"40\" maxlength=\"400\" class=\"wpcf7-form-control wpcf7-text wpcf7-validates-as-required\" aria-required=\"true\" aria-invalid=\"false\" value=\"\" type=\"text\" name=\"your-subject\" \/><\/span> <\/label>\n<\/p>\n<p><label> Deine Nachricht (optional)<br \/>\n<span class=\"wpcf7-form-control-wrap\" data-name=\"your-message\"><textarea cols=\"40\" rows=\"10\" maxlength=\"2000\" class=\"wpcf7-form-control wpcf7-textarea\" aria-invalid=\"false\" name=\"your-message\"><\/textarea><\/span> <\/label>\n<\/p>\n<p><input class=\"wpcf7-form-control wpcf7-submit has-spinner\" type=\"submit\" value=\"Senden\" \/>\n<\/p><div class=\"wpcf7-response-output\" aria-hidden=\"true\"><\/div>\n<\/form>\n<\/div>\n<\/div>\n<\/div>\n<\/div>\n\n\n\n<h4 class=\"wp-block-heading\">Nutzen Sie daher unbedingt unser Kontakt Formular,<\/h4>\n\n\n\n<p>Nutzen Sie unser <a href=\"https:\/\/sigmaprojekt-leipzig.de\/?page_id=40\">Kontakt<\/a> Formular, um Ihre Anliegen schnell, bequem und unkompliziert an uns zu \u00fcbermitteln. Das Formular ist benutzerfreundlich gestaltet, sodass Sie keine Schwierigkeiten haben werden, Ihre Anfrage zu formulieren. Kontakt &#8211; Aufnahme ist der erste und wichtigste Schritt, um mit unserem Team in Verbindung zu treten und eine schnelle L\u00f6sung f\u00fcr Ihr Anliegen zu finden. Wir legen gro\u00dfen Wert darauf, Ihre Fragen, Beschwerden oder Ihr Feedback z\u00fcgig und professionell zu bearbeiten. Egal, ob Sie eine konkrete Frage zu unseren Produkten oder Dienstleistungen haben, eine Beschwerde loswerden m\u00f6chten oder uns einfach nur Ihre Meinung mitteilen wollen \u2013 unser Kontaktformular macht es m\u00f6glich, all dies einfach und effizient zu erledigen. Ihre Zufriedenheit ist unser oberstes Ziel, weshalb wir stets bem\u00fcht sind, Ihre Anliegen so schnell wie m\u00f6glich zu beantworten und zu l\u00f6sen.<\/p>\n\n\n\n<p>Bitte z\u00f6gern Sie nicht, den Kontakt zu uns aufrechtzuerhalten, auch per E-Mail. Durch den regelm\u00e4\u00dfigen Austausch bleiben Sie stets \u00fcber den aktuellen Status Ihrer Anfrage informiert und k\u00f6nnen bei Bedarf weitere Fragen stellen. Wir legen gro\u00dfen Wert auf eine transparente und offene Kommunikation, damit Sie sich bei uns gut aufgehoben f\u00fchlen. Unser Team steht Ihnen jederzeit zur Verf\u00fcgung, um Unterst\u00fctzung zu leisten und Ihre Anliegen ernst zu nehmen. Nutzen Sie unser Kontaktformular, wann immer Sie Hilfe ben\u00f6tigen oder Fragen haben \u2013 wir freuen uns auf Ihre Nachricht und sind bestrebt, Ihre Anliegen schnell und effizient zu bearbeiten.<\/p>\n\n\n\n<p>Z\u00f6gern Sie also nicht, Kontakt mit uns aufzunehmen. Wir sind f\u00fcr Sie da, um Ihre Fragen zu beantworten, Probleme zu l\u00f6sen und Ihnen den bestm\u00f6glichen Service zu bieten. <\/p>\n\n\n\n<p>Ihr Vertrauen und Ihre Zufriedenheit sind uns sehr wichtig, deshalb setzen wir alles daran, Ihre Erwartungen zu erf\u00fcllen. Nutzen Sie unser Kontaktformular, um unkompliziert mit uns in Verbindung zu bleiben, und profitieren Sie von unserem engagierten Kundenservice. Wir freuen uns auf Ihre Anfrage und darauf, Ihnen weiterhelfen zu d\u00fcrfen!<\/p>\n","protected":false},"excerpt":{"rendered":"<p>Halten Sie mit uns Kontakt auf Nutzen Sie daher unbedingt unser Kontakt Formular, Nutzen Sie unser Kontakt Formular, um Ihre Anliegen schnell, bequem und unkompliziert an uns zu \u00fcbermitteln. Das Formular ist benutzerfreundlich gestaltet, sodass Sie keine Schwierigkeiten haben werden, Ihre Anfrage zu formulieren. Kontakt &#8211; Aufnahme ist der erste und wichtigste Schritt, um mit [&hellip;]<\/p>\n","protected":false},"author":1,"featured_media":334,"parent":0,"menu_order":0,"comment_status":"closed","ping_status":"closed","template":"page-wide","meta":{"footnotes":""},"class_list":["post-40","page","type-page","status-publish","has-post-thumbnail","hentry"],"yoast_head":"<!-- This site is optimized with the Yoast SEO plugin v27.4 - https:\/\/yoast.com\/product\/yoast-seo-wordpress\/ -->\n<title>Kontakt Schlosser Sigma Projekt GmbH Nehmen Sie Kontakt auf<\/title>\n<meta name=\"description\" content=\"Ihr Partner f\u00fcr Metall- und Stahlbau. Schneller Service, kompetente Beratung und professionelle Umsetzung. Jetzt Kontakt aufnehmen !\" \/>\n<meta name=\"robots\" content=\"index, follow, max-snippet:-1, max-image-preview:large, max-video-preview:-1\" \/>\n<link rel=\"canonical\" href=\"https:\/\/sigmaprojekt-leipzig.de\/?page_id=40\" \/>\n<meta property=\"og:locale\" content=\"de_DE\" \/>\n<meta property=\"og:type\" content=\"article\" \/>\n<meta property=\"og:title\" content=\"Kontakt Schlosser Sigma Projekt GmbH Nehmen Sie Kontakt auf\" \/>\n<meta property=\"og:description\" content=\"Ihr Partner f\u00fcr Metall- und Stahlbau. Schneller Service, kompetente Beratung und professionelle Umsetzung. Jetzt Kontakt aufnehmen !\" \/>\n<meta property=\"og:url\" content=\"https:\/\/sigmaprojekt-leipzig.de\/?page_id=40\" \/>\n<meta property=\"og:site_name\" content=\"Stahl- und Metallbau Schlosserei Sigma Projekt GmbH\" \/>\n<meta property=\"article:modified_time\" content=\"2025-05-20T22:01:14+00:00\" \/>\n<meta property=\"og:image\" content=\"https:\/\/sigmaprojekt-leipzig.de\/wp-content\/uploads\/2025\/05\/kontakt_small-1024x468.png\" \/>\n\t<meta property=\"og:image:width\" content=\"1024\" \/>\n\t<meta property=\"og:image:height\" content=\"468\" \/>\n\t<meta property=\"og:image:type\" content=\"image\/png\" \/>\n<meta name=\"twitter:card\" content=\"summary_large_image\" \/>\n<meta name=\"twitter:label1\" content=\"Gesch\u00e4tzte Lesezeit\" \/>\n\t<meta name=\"twitter:data1\" content=\"2\u00a0Minuten\" \/>\n<script type=\"application\/ld+json\" class=\"yoast-schema-graph\">{\"@context\":\"https:\\\/\\\/schema.org\",\"@graph\":[{\"@type\":\"WebPage\",\"@id\":\"https:\\\/\\\/sigmaprojekt-leipzig.de\\\/?page_id=40\",\"url\":\"https:\\\/\\\/sigmaprojekt-leipzig.de\\\/?page_id=40\",\"name\":\"Kontakt Schlosser Sigma Projekt GmbH Nehmen Sie Kontakt auf\",\"isPartOf\":{\"@id\":\"https:\\\/\\\/sigmaprojekt-leipzig.de\\\/#website\"},\"primaryImageOfPage\":{\"@id\":\"https:\\\/\\\/sigmaprojekt-leipzig.de\\\/?page_id=40#primaryimage\"},\"image\":{\"@id\":\"https:\\\/\\\/sigmaprojekt-leipzig.de\\\/?page_id=40#primaryimage\"},\"thumbnailUrl\":\"https:\\\/\\\/sigmaprojekt-leipzig.de\\\/wp-content\\\/uploads\\\/2025\\\/05\\\/kontakt_small-scaled.png\",\"datePublished\":\"2025-05-16T14:09:35+00:00\",\"dateModified\":\"2025-05-20T22:01:14+00:00\",\"description\":\"Ihr Partner f\u00fcr Metall- und Stahlbau. Schneller Service, kompetente Beratung und professionelle Umsetzung. Jetzt Kontakt aufnehmen !\",\"breadcrumb\":{\"@id\":\"https:\\\/\\\/sigmaprojekt-leipzig.de\\\/?page_id=40#breadcrumb\"},\"inLanguage\":\"de\",\"potentialAction\":[{\"@type\":\"ReadAction\",\"target\":[\"https:\\\/\\\/sigmaprojekt-leipzig.de\\\/?page_id=40\"]}]},{\"@type\":\"ImageObject\",\"inLanguage\":\"de\",\"@id\":\"https:\\\/\\\/sigmaprojekt-leipzig.de\\\/?page_id=40#primaryimage\",\"url\":\"https:\\\/\\\/sigmaprojekt-leipzig.de\\\/wp-content\\\/uploads\\\/2025\\\/05\\\/kontakt_small-scaled.png\",\"contentUrl\":\"https:\\\/\\\/sigmaprojekt-leipzig.de\\\/wp-content\\\/uploads\\\/2025\\\/05\\\/kontakt_small-scaled.png\",\"width\":2560,\"height\":1170,\"caption\":\"Kontakt Formular Stahl- und Metallbau Schlosser Sigma Projekt GmbH Leipzig\"},{\"@type\":\"BreadcrumbList\",\"@id\":\"https:\\\/\\\/sigmaprojekt-leipzig.de\\\/?page_id=40#breadcrumb\",\"itemListElement\":[{\"@type\":\"ListItem\",\"position\":1,\"name\":\"Startseite\",\"item\":\"https:\\\/\\\/sigmaprojekt-leipzig.de\\\/\"},{\"@type\":\"ListItem\",\"position\":2,\"name\":\"Kontakt\"}]},{\"@type\":\"WebSite\",\"@id\":\"https:\\\/\\\/sigmaprojekt-leipzig.de\\\/#website\",\"url\":\"https:\\\/\\\/sigmaprojekt-leipzig.de\\\/\",\"name\":\"Metallbau Sigma Projekt Leipzig\",\"description\":\"Stark in Qualit\u00e4t, robust f\u00fcr die Zukunft.\",\"publisher\":{\"@id\":\"https:\\\/\\\/sigmaprojekt-leipzig.de\\\/#organization\"},\"potentialAction\":[{\"@type\":\"SearchAction\",\"target\":{\"@type\":\"EntryPoint\",\"urlTemplate\":\"https:\\\/\\\/sigmaprojekt-leipzig.de\\\/?s={search_term_string}\"},\"query-input\":{\"@type\":\"PropertyValueSpecification\",\"valueRequired\":true,\"valueName\":\"search_term_string\"}}],\"inLanguage\":\"de\"},{\"@type\":\"Organization\",\"@id\":\"https:\\\/\\\/sigmaprojekt-leipzig.de\\\/#organization\",\"name\":\"Sigma Projekt Leipzig GmbH\",\"url\":\"https:\\\/\\\/sigmaprojekt-leipzig.de\\\/\",\"logo\":{\"@type\":\"ImageObject\",\"inLanguage\":\"de\",\"@id\":\"https:\\\/\\\/sigmaprojekt-leipzig.de\\\/#\\\/schema\\\/logo\\\/image\\\/\",\"url\":\"https:\\\/\\\/sigmaprojekt-leipzig.de\\\/wp-content\\\/uploads\\\/2025\\\/05\\\/logoentw-sigma-webfront002-724.png\",\"contentUrl\":\"https:\\\/\\\/sigmaprojekt-leipzig.de\\\/wp-content\\\/uploads\\\/2025\\\/05\\\/logoentw-sigma-webfront002-724.png\",\"width\":724,\"height\":242,\"caption\":\"Sigma Projekt Leipzig GmbH\"},\"image\":{\"@id\":\"https:\\\/\\\/sigmaprojekt-leipzig.de\\\/#\\\/schema\\\/logo\\\/image\\\/\"}}]}<\/script>\n<!-- \/ Yoast SEO plugin. -->","yoast_head_json":{"title":"Kontakt Schlosser Sigma Projekt GmbH Nehmen Sie Kontakt auf","description":"Ihr Partner f\u00fcr Metall- und Stahlbau. Schneller Service, kompetente Beratung und professionelle Umsetzung. Jetzt Kontakt aufnehmen !","robots":{"index":"index","follow":"follow","max-snippet":"max-snippet:-1","max-image-preview":"max-image-preview:large","max-video-preview":"max-video-preview:-1"},"canonical":"https:\/\/sigmaprojekt-leipzig.de\/?page_id=40","og_locale":"de_DE","og_type":"article","og_title":"Kontakt Schlosser Sigma Projekt GmbH Nehmen Sie Kontakt auf","og_description":"Ihr Partner f\u00fcr Metall- und Stahlbau. Schneller Service, kompetente Beratung und professionelle Umsetzung. Jetzt Kontakt aufnehmen !","og_url":"https:\/\/sigmaprojekt-leipzig.de\/?page_id=40","og_site_name":"Stahl- und Metallbau Schlosserei Sigma Projekt GmbH","article_modified_time":"2025-05-20T22:01:14+00:00","og_image":[{"width":1024,"height":468,"url":"https:\/\/sigmaprojekt-leipzig.de\/wp-content\/uploads\/2025\/05\/kontakt_small-1024x468.png","type":"image\/png"}],"twitter_card":"summary_large_image","twitter_misc":{"Gesch\u00e4tzte Lesezeit":"2\u00a0Minuten"},"schema":{"@context":"https:\/\/schema.org","@graph":[{"@type":"WebPage","@id":"https:\/\/sigmaprojekt-leipzig.de\/?page_id=40","url":"https:\/\/sigmaprojekt-leipzig.de\/?page_id=40","name":"Kontakt Schlosser Sigma Projekt GmbH Nehmen Sie Kontakt auf","isPartOf":{"@id":"https:\/\/sigmaprojekt-leipzig.de\/#website"},"primaryImageOfPage":{"@id":"https:\/\/sigmaprojekt-leipzig.de\/?page_id=40#primaryimage"},"image":{"@id":"https:\/\/sigmaprojekt-leipzig.de\/?page_id=40#primaryimage"},"thumbnailUrl":"https:\/\/sigmaprojekt-leipzig.de\/wp-content\/uploads\/2025\/05\/kontakt_small-scaled.png","datePublished":"2025-05-16T14:09:35+00:00","dateModified":"2025-05-20T22:01:14+00:00","description":"Ihr Partner f\u00fcr Metall- und Stahlbau. Schneller Service, kompetente Beratung und professionelle Umsetzung. Jetzt Kontakt aufnehmen !","breadcrumb":{"@id":"https:\/\/sigmaprojekt-leipzig.de\/?page_id=40#breadcrumb"},"inLanguage":"de","potentialAction":[{"@type":"ReadAction","target":["https:\/\/sigmaprojekt-leipzig.de\/?page_id=40"]}]},{"@type":"ImageObject","inLanguage":"de","@id":"https:\/\/sigmaprojekt-leipzig.de\/?page_id=40#primaryimage","url":"https:\/\/sigmaprojekt-leipzig.de\/wp-content\/uploads\/2025\/05\/kontakt_small-scaled.png","contentUrl":"https:\/\/sigmaprojekt-leipzig.de\/wp-content\/uploads\/2025\/05\/kontakt_small-scaled.png","width":2560,"height":1170,"caption":"Kontakt Formular Stahl- und Metallbau Schlosser Sigma Projekt GmbH Leipzig"},{"@type":"BreadcrumbList","@id":"https:\/\/sigmaprojekt-leipzig.de\/?page_id=40#breadcrumb","itemListElement":[{"@type":"ListItem","position":1,"name":"Startseite","item":"https:\/\/sigmaprojekt-leipzig.de\/"},{"@type":"ListItem","position":2,"name":"Kontakt"}]},{"@type":"WebSite","@id":"https:\/\/sigmaprojekt-leipzig.de\/#website","url":"https:\/\/sigmaprojekt-leipzig.de\/","name":"Metallbau Sigma Projekt Leipzig","description":"Stark in Qualit\u00e4t, robust f\u00fcr die Zukunft.","publisher":{"@id":"https:\/\/sigmaprojekt-leipzig.de\/#organization"},"potentialAction":[{"@type":"SearchAction","target":{"@type":"EntryPoint","urlTemplate":"https:\/\/sigmaprojekt-leipzig.de\/?s={search_term_string}"},"query-input":{"@type":"PropertyValueSpecification","valueRequired":true,"valueName":"search_term_string"}}],"inLanguage":"de"},{"@type":"Organization","@id":"https:\/\/sigmaprojekt-leipzig.de\/#organization","name":"Sigma Projekt Leipzig GmbH","url":"https:\/\/sigmaprojekt-leipzig.de\/","logo":{"@type":"ImageObject","inLanguage":"de","@id":"https:\/\/sigmaprojekt-leipzig.de\/#\/schema\/logo\/image\/","url":"https:\/\/sigmaprojekt-leipzig.de\/wp-content\/uploads\/2025\/05\/logoentw-sigma-webfront002-724.png","contentUrl":"https:\/\/sigmaprojekt-leipzig.de\/wp-content\/uploads\/2025\/05\/logoentw-sigma-webfront002-724.png","width":724,"height":242,"caption":"Sigma Projekt Leipzig GmbH"},"image":{"@id":"https:\/\/sigmaprojekt-leipzig.de\/#\/schema\/logo\/image\/"}}]}},"_links":{"self":[{"href":"https:\/\/sigmaprojekt-leipzig.de\/index.php?rest_route=\/wp\/v2\/pages\/40","targetHints":{"allow":["GET"]}}],"collection":[{"href":"https:\/\/sigmaprojekt-leipzig.de\/index.php?rest_route=\/wp\/v2\/pages"}],"about":[{"href":"https:\/\/sigmaprojekt-leipzig.de\/index.php?rest_route=\/wp\/v2\/types\/page"}],"author":[{"embeddable":true,"href":"https:\/\/sigmaprojekt-leipzig.de\/index.php?rest_route=\/wp\/v2\/users\/1"}],"replies":[{"embeddable":true,"href":"https:\/\/sigmaprojekt-leipzig.de\/index.php?rest_route=%2Fwp%2Fv2%2Fcomments&post=40"}],"version-history":[{"count":19,"href":"https:\/\/sigmaprojekt-leipzig.de\/index.php?rest_route=\/wp\/v2\/pages\/40\/revisions"}],"predecessor-version":[{"id":361,"href":"https:\/\/sigmaprojekt-leipzig.de\/index.php?rest_route=\/wp\/v2\/pages\/40\/revisions\/361"}],"wp:featuredmedia":[{"embeddable":true,"href":"https:\/\/sigmaprojekt-leipzig.de\/index.php?rest_route=\/wp\/v2\/media\/334"}],"wp:attachment":[{"href":"https:\/\/sigmaprojekt-leipzig.de\/index.php?rest_route=%2Fwp%2Fv2%2Fmedia&parent=40"}],"curies":[{"name":"wp","href":"https:\/\/api.w.org\/{rel}","templated":true}]}}